{"id":7,"date":"2020-12-17T18:36:46","date_gmt":"2020-12-17T17:36:46","guid":{"rendered":"http:\/\/6tec.fr\/?page_id=7"},"modified":"2021-02-16T08:04:20","modified_gmt":"2021-02-16T07:04:20","slug":"accueil","status":"publish","type":"page","link":"https:\/\/6tec.fr\/","title":{"rendered":"Home"},"content":{"rendered":"\n<p class=\"has-medium-font-size\"><strong>6tec <\/strong>est un bureau d&rsquo;\u00e9tudes m\u00e9caniques Grenoblois cr\u00e9\u00e9 en 2004, sp\u00e9cialis\u00e9 en instrumentation scientifique: micro-m\u00e9canique, technologie du vide (UHV), faisceaux ionisants et cryog\u00e9nie LN2.<\/p>\n\n\n\n<hr class=\"wp-block-separator\"\/>\n\n\n\n<div class=\"wp-block-media-text alignwide is-stacked-on-mobile is-vertically-aligned-top\"><figure class=\"wp-block-media-text__media\"><img loading=\"lazy\" decoding=\"async\" width=\"1024\" height=\"681\" src=\"https:\/\/6tec.fr\/wp-content\/uploads\/pg-esrf-01-1024x681.jpg\" alt=\"\" class=\"wp-image-59 size-full\" srcset=\"https:\/\/6tec.fr\/wp-content\/uploads\/pg-esrf-01-1024x681.jpg 1024w, https:\/\/6tec.fr\/wp-content\/uploads\/pg-esrf-01-300x199.jpg 300w, https:\/\/6tec.fr\/wp-content\/uploads\/pg-esrf-01-768x511.jpg 768w, https:\/\/6tec.fr\/wp-content\/uploads\/pg-esrf-01-1536x1021.jpg 1536w, https:\/\/6tec.fr\/wp-content\/uploads\/pg-esrf-01-2048x1362.jpg 2048w\" sizes=\"auto, (max-width: 1024px) 100vw, 1024px\" \/><\/figure><div class=\"wp-block-media-text__content\">\n<p class=\"has-text-align-center has-large-font-size\">Synchrotrons<\/p>\n\n\n\n<p>\u00c9tude m\u00e9canique d&rsquo;instruments ou \u00e9quipements pour:<\/p>\n\n\n\n<ul class=\"wp-block-list\"><li>cristallographie<\/li><li>tomographie<\/li><li>diffraction<\/li><li>spectroscopie<\/li><li>environnement \u00e9chantillon (cryog\u00e9nie, haute pression, champ magn\u00e9tique&#8230;)<\/li><\/ul>\n\n\n\n<p>chambres \u00e0 vide, tables d\u2019exp\u00e9riences, changeur d&rsquo;\u00e9chantillons&nbsp;&#8230;<\/p>\n<\/div><\/div>\n\n\n\n<hr class=\"wp-block-separator\"\/>\n\n\n\n<div class=\"wp-block-media-text alignwide has-media-on-the-right is-stacked-on-mobile is-vertically-aligned-top\"><figure class=\"wp-block-media-text__media\"><img loading=\"lazy\" decoding=\"async\" width=\"1024\" height=\"682\" src=\"https:\/\/6tec.fr\/wp-content\/uploads\/mars-11656_1920-1024x682.jpg\" alt=\"\" class=\"wp-image-48 size-full\" srcset=\"https:\/\/6tec.fr\/wp-content\/uploads\/mars-11656_1920-1024x682.jpg 1024w, https:\/\/6tec.fr\/wp-content\/uploads\/mars-11656_1920-300x200.jpg 300w, https:\/\/6tec.fr\/wp-content\/uploads\/mars-11656_1920-768x511.jpg 768w, https:\/\/6tec.fr\/wp-content\/uploads\/mars-11656_1920-1536x1022.jpg 1536w, https:\/\/6tec.fr\/wp-content\/uploads\/mars-11656_1920.jpg 1920w\" sizes=\"auto, (max-width: 1024px) 100vw, 1024px\" \/><\/figure><div class=\"wp-block-media-text__content\">\n<p class=\"has-text-align-center has-large-font-size\">Retour d&rsquo;\u00e9chantillons Martiens<\/p>\n\n\n\n<p>\u00c9tude et fabrication de containers de transport d&rsquo;\u00e9chantillons Martiens en condition de quarantaine (BSL4) <a rel=\"noreferrer noopener\" href=\"http:\/\/www.icxom24.it\/uploads\/abstracts\/abstract-ICXOM24-Simionovici_Alexandre-20170906_1210.pdf\" target=\"_blank\">QESA<\/a><br><br><a rel=\"noreferrer noopener\" href=\"https:\/\/data.epo.org\/gpi\/EP2411791A1-CONFINEMENT-AND-ANALYSIS-DEVICE\" target=\"_blank\">Brevet EP 2411791 A1<\/a><\/p>\n\n\n\n<p><a rel=\"noreferrer noopener\" href=\"https:\/\/mars.nasa.gov\/mars2020\/\" target=\"_blank\">NASA Mars 2020 mission<\/a><\/p>\n<\/div><\/div>\n\n\n\n<hr class=\"wp-block-separator\"\/>\n\n\n\n<div class=\"wp-block-media-text alignwide is-stacked-on-mobile is-vertically-aligned-top\"><figure class=\"wp-block-media-text__media\"><img loading=\"lazy\" decoding=\"async\" width=\"1024\" height=\"678\" src=\"https:\/\/6tec.fr\/wp-content\/uploads\/microscope-275984_1920-1024x678.jpg\" alt=\"\" class=\"wp-image-50 size-full\" srcset=\"https:\/\/6tec.fr\/wp-content\/uploads\/microscope-275984_1920-1024x678.jpg 1024w, https:\/\/6tec.fr\/wp-content\/uploads\/microscope-275984_1920-300x199.jpg 300w, https:\/\/6tec.fr\/wp-content\/uploads\/microscope-275984_1920-768x508.jpg 768w, https:\/\/6tec.fr\/wp-content\/uploads\/microscope-275984_1920-1536x1017.jpg 1536w, https:\/\/6tec.fr\/wp-content\/uploads\/microscope-275984_1920.jpg 1920w\" sizes=\"auto, (max-width: 1024px) 100vw, 1024px\" \/><\/figure><div class=\"wp-block-media-text__content\">\n<p class=\"has-text-align-center has-large-font-size\">Opto-m\u00e9canique<\/p>\n\n\n\n<p>\u00c9tude d&rsquo;outillages et d&rsquo;interfaces pour applications optiques et opto-m\u00e9caniques :<\/p>\n\n\n\n<ul class=\"wp-block-list\"><li>traitement PVD \/ CVD<\/li><li>application spatiale<\/li><li>banc optique \u00e0 tr\u00e8s faible dilatation<\/li><\/ul>\n\n\n\n<p><\/p>\n<\/div><\/div>\n\n\n\n<hr class=\"wp-block-separator\"\/>\n\n\n\n<div class=\"wp-block-file aligncenter\"><a href=\"https:\/\/6tec.fr\/wp-content\/uploads\/6tec_2021.pdf\" target=\"_blank\" rel=\"noreferrer noopener\"><br>Plaquette commerciale 6tec<\/a><a href=\"https:\/\/6tec.fr\/wp-content\/uploads\/6tec_2021.pdf\" class=\"wp-block-file__button\" download>T\u00e9l\u00e9charger<\/a><\/div>\n\n\n\n<p><\/p>\n","protected":false},"excerpt":{"rendered":"<p>6tec est un bureau d&rsquo;\u00e9tudes m\u00e9caniques Grenoblois cr\u00e9\u00e9 en 2004, sp\u00e9cialis\u00e9 en instrumentation scientifique: micro-m\u00e9canique, technologie du vide (UHV), faisceaux ionisants et cryog\u00e9nie LN2. Synchrotrons \u00c9tude m\u00e9canique d&rsquo;instruments ou \u00e9quipements pour: cristallographie tomographie diffraction spectroscopie environnement \u00e9chantillon (cryog\u00e9nie, haute pression, champ magn\u00e9tique&#8230;) chambres \u00e0 vide, tables d\u2019exp\u00e9riences, changeur d&rsquo;\u00e9chantillons&nbsp;&#8230; Retour &hellip;<\/p>\n","protected":false},"author":1,"featured_media":0,"parent":0,"menu_order":0,"comment_status":"closed","ping_status":"closed","template":"","meta":{"footnotes":""},"class_list":["post-7","page","type-page","status-publish","hentry"],"_links":{"self":[{"href":"https:\/\/6tec.fr\/index.php?rest_route=\/wp\/v2\/pages\/7","targetHints":{"allow":["GET"]}}],"collection":[{"href":"https:\/\/6tec.fr\/index.php?rest_route=\/wp\/v2\/pages"}],"about":[{"href":"https:\/\/6tec.fr\/index.php?rest_route=\/wp\/v2\/types\/page"}],"author":[{"embeddable":true,"href":"https:\/\/6tec.fr\/index.php?rest_route=\/wp\/v2\/users\/1"}],"replies":[{"embeddable":true,"href":"https:\/\/6tec.fr\/index.php?rest_route=%2Fwp%2Fv2%2Fcomments&post=7"}],"version-history":[{"count":43,"href":"https:\/\/6tec.fr\/index.php?rest_route=\/wp\/v2\/pages\/7\/revisions"}],"predecessor-version":[{"id":193,"href":"https:\/\/6tec.fr\/index.php?rest_route=\/wp\/v2\/pages\/7\/revisions\/193"}],"wp:attachment":[{"href":"https:\/\/6tec.fr\/index.php?rest_route=%2Fwp%2Fv2%2Fmedia&parent=7"}],"curies":[{"name":"wp","href":"https:\/\/api.w.org\/{rel}","templated":true}]}}